{"id":52,"date":"2023-11-24T11:23:55","date_gmt":"2023-11-24T09:23:55","guid":{"rendered":"https:\/\/ljosipovic.hak-digital.at\/?page_id=52"},"modified":"2024-03-01T10:34:29","modified_gmt":"2024-03-01T08:34:29","slug":"tipp-der-woche","status":"publish","type":"page","link":"https:\/\/ljosipovic.hak-digital.at\/?page_id=52","title":{"rendered":"Freizeit"},"content":{"rendered":"\n<p><\/p>\n\n\n\n<p class=\"has-background has-medium-font-size\" style=\"background:linear-gradient(90deg,rgb(6,147,227) 0%,rgba(155,81,224,0.02) 100%);font-style:italic;font-weight:300\">Training<\/p>\n\n\n\n<p class=\"has-text-align-center\">Ich liebe Sport, ich betreibe Sport schon seit dem ich klein bin. Ich habe einige Sportarten ausprobiert wie Reiten, Tanzen, Sportgymnastik und Handball. Zurzeit gehe ich 3-4 mal die Woche ins Gym trainieren.<\/p>\n\n\n<div class=\"wp-block-image\">\n<figure class=\"aligncenter size-large is-resized\"><img loading=\"lazy\" decoding=\"async\" width=\"1024\" height=\"391\" src=\"https:\/\/ljosipovic.hak-digital.at\/wp-content\/uploads\/2024\/02\/image-1024x391.jpeg\" alt=\"\" class=\"wp-image-172\" style=\"width:386px;height:auto\" srcset=\"https:\/\/ljosipovic.hak-digital.at\/wp-content\/uploads\/2024\/02\/image-1024x391.jpeg 1024w, https:\/\/ljosipovic.hak-digital.at\/wp-content\/uploads\/2024\/02\/image-300x115.jpeg 300w, https:\/\/ljosipovic.hak-digital.at\/wp-content\/uploads\/2024\/02\/image.jpeg 1170w\" sizes=\"auto, (max-width: 1024px) 100vw, 1024px\" \/><figcaption class=\"wp-element-caption\">Handball Team<\/figcaption><\/figure>\n<\/div>\n\n\n<p><\/p>\n\n\n\n<p class=\"has-background has-medium-font-size\" style=\"background:linear-gradient(135deg,rgb(6,147,227) 0%,rgba(155,81,224,0.02) 100%);font-style:italic;font-weight:300\">Familie<\/p>\n\n\n\n<p class=\"has-text-align-center\">Meine Familie ist mir sehr wichtig, ich liebe es mit ihnen ganz viel Zeit zu verbringen. Ich spiele mit meiner kleinen Schwester oft spiele und wir gehen zusammen mit unseren Hund spazieren. Mit meinen Eltern gehe ich oft zusammen Shoppen oder essen. Wir veranstalten fast jeden Freitag einen Spieleabend wo wir alle zusammen im Wohnzimmer sitzen und die unterschiedlichsten Spiele spielen.<\/p>\n\n\n<div class=\"wp-block-image\">\n<figure class=\"aligncenter size-full is-resized\"><img loading=\"lazy\" decoding=\"async\" width=\"626\" height=\"626\" src=\"https:\/\/ljosipovic.hak-digital.at\/wp-content\/uploads\/2024\/02\/image-3.png\" alt=\"\" class=\"wp-image-173\" style=\"width:206px;height:auto\" srcset=\"https:\/\/ljosipovic.hak-digital.at\/wp-content\/uploads\/2024\/02\/image-3.png 626w, https:\/\/ljosipovic.hak-digital.at\/wp-content\/uploads\/2024\/02\/image-3-300x300.png 300w, https:\/\/ljosipovic.hak-digital.at\/wp-content\/uploads\/2024\/02\/image-3-150x150.png 150w\" sizes=\"auto, (max-width: 626px) 100vw, 626px\" \/><\/figure>\n<\/div>\n\n\n<p><\/p>\n\n\n\n<p class=\"has-background has-medium-font-size\" style=\"background:linear-gradient(135deg,rgb(6,147,227) 0%,rgba(155,81,224,0.02) 100%);font-style:italic;font-weight:300\">Freunde treffen<\/p>\n\n\n\n<p class=\"has-text-align-center\">Meine Freunde sind mir sehr wichtig. Ich unternehme sehr gerne was mit ihnen. Wir gehen ins Kino, gehen essen, schauen Fu\u00dfballspiele, Handball Matches und noch vieles mehr. In der Zeit wo ich bei ihnen bin f\u00fchle ich mich sehr wohl und genie\u00dfe jeden Augenblick.<\/p>\n\n\n<div class=\"wp-block-image\">\n<figure class=\"aligncenter size-large is-resized\"><img loading=\"lazy\" decoding=\"async\" width=\"768\" height=\"1024\" src=\"https:\/\/ljosipovic.hak-digital.at\/wp-content\/uploads\/2024\/03\/image-1-768x1024.jpeg\" alt=\"\" class=\"wp-image-223\" style=\"width:236px;height:auto\" srcset=\"https:\/\/ljosipovic.hak-digital.at\/wp-content\/uploads\/2024\/03\/image-1-768x1024.jpeg 768w, https:\/\/ljosipovic.hak-digital.at\/wp-content\/uploads\/2024\/03\/image-1-225x300.jpeg 225w, https:\/\/ljosipovic.hak-digital.at\/wp-content\/uploads\/2024\/03\/image-1-2000x2667.jpeg 2000w, https:\/\/ljosipovic.hak-digital.at\/wp-content\/uploads\/2024\/03\/image-1-scaled.jpeg 1920w\" sizes=\"auto, (max-width: 768px) 100vw, 768px\" \/><\/figure>\n<\/div>\n\n\n<p>Hier kommen Sie zu weiteren <a href=\"https:\/\/ljosipovic.hak-digital.at\/?page_id=176\" data-type=\"link\" data-id=\"https:\/\/ljosipovic.hak-digital.at\/?page_id=176\">Fotos <\/a>von mir und meinen Freunden.<\/p>\n","protected":false},"excerpt":{"rendered":"<p>Training Ich liebe Sport, ich betreibe Sport schon seit dem ich klein bin. Ich habe einige Sportarten ausprobiert wie Reiten, Tanzen, Sportgymnastik und Handball. Zurzeit gehe ich 3-4 mal die Woche ins Gym trainieren. Familie Meine Familie ist mir sehr wichtig, ich liebe es mit ihnen ganz viel Zeit zu verbringen. Ich spiele mit meiner&#8230;<\/p>\n","protected":false},"author":1,"featured_media":0,"parent":0,"menu_order":2,"comment_status":"closed","ping_status":"closed","template":"","meta":{"ngg_post_thumbnail":0,"_kad_post_transparent":"","_kad_post_title":"","_kad_post_layout":"","_kad_post_sidebar_id":"","_kad_post_content_style":"","_kad_post_vertical_padding":"","_kad_post_feature":"","_kad_post_feature_position":"","_kad_post_header":false,"_kad_post_footer":false,"footnotes":""},"class_list":["post-52","page","type-page","status-publish","hentry"],"_links":{"self":[{"href":"https:\/\/ljosipovic.hak-digital.at\/index.php?rest_route=\/wp\/v2\/pages\/52","targetHints":{"allow":["GET"]}}],"collection":[{"href":"https:\/\/ljosipovic.hak-digital.at\/index.php?rest_route=\/wp\/v2\/pages"}],"about":[{"href":"https:\/\/ljosipovic.hak-digital.at\/index.php?rest_route=\/wp\/v2\/types\/page"}],"author":[{"embeddable":true,"href":"https:\/\/ljosipovic.hak-digital.at\/index.php?rest_route=\/wp\/v2\/users\/1"}],"replies":[{"embeddable":true,"href":"https:\/\/ljosipovic.hak-digital.at\/index.php?rest_route=%2Fwp%2Fv2%2Fcomments&post=52"}],"version-history":[{"count":8,"href":"https:\/\/ljosipovic.hak-digital.at\/index.php?rest_route=\/wp\/v2\/pages\/52\/revisions"}],"predecessor-version":[{"id":240,"href":"https:\/\/ljosipovic.hak-digital.at\/index.php?rest_route=\/wp\/v2\/pages\/52\/revisions\/240"}],"wp:attachment":[{"href":"https:\/\/ljosipovic.hak-digital.at\/index.php?rest_route=%2Fwp%2Fv2%2Fmedia&parent=52"}],"curies":[{"name":"wp","href":"https:\/\/api.w.org\/{rel}","templated":true}]}}